{"id":3,"date":"2022-09-06T15:31:11","date_gmt":"2022-09-06T13:31:11","guid":{"rendered":"https:\/\/webnutra.lkj.it\/?page_id=3"},"modified":"2022-09-07T09:28:26","modified_gmt":"2022-09-07T07:28:26","slug":"privacy-policy","status":"publish","type":"page","link":"https:\/\/www.parodinutra.com\/?page_id=3","title":{"rendered":"Privacy Policy"},"content":{"rendered":"\n<h1 class=\"wp-block-heading\">INFORMATIVA SULLA PRIVACY<\/h1>\n\n\n\n<h4 class=\"wp-block-heading\"><strong><em>Informativa Privacy ai sensi dell\u2019art. 13 del \u201cRegolamento Generale sulla protezione dei dati\u201d (UE) n. 679\/2016 e D.lgs. 101\/2018<\/em><\/strong><\/h4>\n\n\n\n<p>La Societ\u00e0 Parodi Nutra&nbsp; (di seguito, per brevit\u00e0, \u201cSociet\u00e0\u201d o \u201cil Titolare\u201d), in qualit\u00e0 di titolare del trattamento desidera informarLa, ai sensi della normativa applicabile in materia di protezione dei dati personali, ivi incluso il Regolamento Europeo 679\/ 2016 relativo alla protezione dei dati personali (\u00ab Regolamento\u00bb), che i dati personali da Lei forniti in sede di instaurazione del rapporto e in costanza di esso, saranno trattati nel rispetto delle disposizioni legislative e contrattuali vigenti per le finalit\u00e0 e con le modalit\u00e0 di seguito indicate. In alcune circostanze alcuni dati potrebbero essere raccolti anche presso terzi, ove necessario e sempre nel rispetto della normativa applicabile.<\/p>\n\n\n\n<ol class=\"wp-block-list\"><li><strong>TITOLARE DEL TRATTAMENTO<\/strong><\/li><\/ol>\n\n\n\n<p>Si informa che il \u201cTitolare\u201d del trattamento \u00e8 la societ\u00e0&nbsp;<strong>Parodi Nutra Srl<\/strong>&nbsp;(di seguito, il \u00abTitolare\u00bb), nella persona del Suo Legale Rappresentante Sig. Andrea Parodi, con sede legale in Via Valverde 146 (Strada Provinciale 6) \u2013 16014 Campomorone (GE), Italia, P.IVA. 01414580991. Si riportano i seguenti dati di contatto e- mail:&nbsp;<a href=\"mailto:office@parodinutra.com\" target=\"_blank\" rel=\"noreferrer noopener\">office@parodinutra.com<\/a><\/p>\n\n\n\n<ol class=\"wp-block-list\" start=\"2\"><li><strong>DATI PERSONALI OGGETTO DI TRATTAMENTO<\/strong><strong><\/strong>\u2013 Dati identificativi e di contatto: nome e cognome o ragione sociale, indirizzo e-mail, numero telefonico.<br>\u2013 Dati connessi al funzionamento del presente sito: I sistemi informatici e le procedure software preposte e correlate al funzionamento di questo sito web acquisiscono, nel corso del loro normale esercizio, i seguenti dati personali la cui trasmissione \u00e8 implicita nell\u2019uso dei protocolli di comunicazione di Internet: gli indirizzi IP; il tipo di browser utilizzato; il sistema operativo; il nome di dominio; gli indirizzi di siti web dai quali \u00e8 stato effettuato l\u2019accesso; le informazioni sulle pagine visitate dagli utenti all\u2019interno del sito, l\u2019orario d\u2019accesso, la permanenza sulla singola pagina del sito.<\/li><li><strong>FINALIT\u00c0 DEL TRATTAMENTO E BASI GIURIDICHE<\/strong><\/li><\/ol>\n\n\n\n<p>I Dati Personali forniti liberamente dall\u2019interessato tramite il sito internet sono raccolti e trattati per le seguenti finalit\u00e0:<\/p>\n\n\n\n<ol class=\"wp-block-list\"><li>Per rispondere alle Sue eventuali richieste di informazioni fatteci pervenire tramite gli appositi canali del sito ed inoltre per la promozione e vendita di prodotti attraverso il sito&nbsp;<a href=\"mailto:office@parodinutra.com\" target=\"_blank\" rel=\"noreferrer noopener\">office@parodinutra.com<\/a>;<\/li><li>In presenza di specifico consenso, per Informarla di opportunit\u00e0 di acquisto e promozioni attive presso il nostro punto vendita oppure online con attivit\u00e0 di marketing diretto mediante l\u2019invio di informazioni commerciali a mezzo posta cartacea, e-mail o SMS.<\/li><\/ol>\n\n\n\n<p>La base giuridica che legittima il trattamento di cui al paragrafo 3A \u00e8 l\u2019esecuzione di misure precontrattuali o l\u2019esecuzione di misure contrattuali adottate su richiesta dell\u2019interessato. Nei casi espressamente indicati ai paragrafi 3B la base giuridica \u00e8 il consenso liberamente fornito dall\u2019Interessato. Qualora Il titolare del trattamento intenda trattare ulteriormente i Dati Personali per una finalit\u00e0 diversa da quelle per cui essi sono stati raccolti, prima di tale ulteriore trattamento, fornir\u00e0 all\u2019Interessato informazioni in merito a tale diversa finalit\u00e0 e ogni ulteriore informazione pertinente.<\/p>\n\n\n\n<ol class=\"wp-block-list\" start=\"4\"><li><strong>NATURA DEL CONFERIMENTO<\/strong><\/li><\/ol>\n\n\n\n<p>Il conferimento dei dati rispetto alle finalit\u00e0 indicate \u00e8 facoltativo ma funzionale alla fornitura da parte del titolare dei relativi servizi.<br>L\u2019eventuale rifiuto comporter\u00e0 l\u2019impossibilit\u00e0 per il Titolare del Trattamento di dar corso ad ogni impegno contrattuale o precontrattuale.<\/p>\n\n\n\n<p>Relativamente ai punti 3A il conferimento \u00e8 necessario per consentirle l\u2019iscrizione al portale ed accedere ai servizi offerti.<\/p>\n\n\n\n<p>Viceversa, Lei \u00e8 libero di acconsentire o meno all\u2019invio di comunicazioni relative opportunit\u00e0 di acquisto e promozioni attive presso il nostro punto vendita oppure online con attivit\u00e0 di marketing diretto mediante l\u2019invio di informazioni commerciali a mezzo posta cartacea, e-mail o SMS.<\/p>\n\n\n\n<p>I dati personali saranno trattati dalla Societ\u00e0 con sistemi informatici e cartacei secondo i principi di correttezza, lealt\u00e0 e trasparenza previsti dalla normativa applicabile in materia di protezione dei dati personali e tutelando la Sua riservatezza e i Suoi diritti mediante l\u2019adozione d\u2019idonee misure tecniche ed organizzative per garantire un livello di sicurezza adeguato al rischio.<\/p>\n\n\n\n<ol class=\"wp-block-list\" start=\"5\"><li><strong>DESTINATARI ED EVENTUALI CATEGORIE DI DESTINATARI DEI DATI PERSONALI<\/strong><strong><\/strong>I dati sono trattati dal Titolare e da soggetti autorizzati sotto la responsabilit\u00e0 del Titolare per le finalit\u00e0 sopra riportate nel rispetto della normativa vigente. I dati raccolti, qualora sia necessario o strumentale per l\u2019esecuzione delle indicate finalit\u00e0, potranno essere trattati da soggetti designati o soggetti terzi nominati Responsabili esterni del trattamento, ovvero, a seconda dei casi, comunicati agli stessi quali autonomi titolari, e precisamente:\u2013 Dipendenti, professionisti, ditte individuali, societ\u00e0 terze, associazioni o studi professionali che prestino attivit\u00e0 di supporto e consulenza al Titolare del Trattamento;<br>\u2013 societ\u00e0, enti, associazioni che svolgono servizi connessi e strumentali alla esecuzione delle finalit\u00e0 indicate nella presente informativa.<strong><\/strong><strong><\/strong><strong><\/strong><\/li><li><strong>TRASFERIMENTO DATI A PAESE TERZO<\/strong><\/li><\/ol>\n\n\n\n<p>Non sono presenti trasferimenti di Dati Personali a destinatari fuori dall\u2019Unione Europea.<\/p>\n\n\n\n<p>Qualora per questioni di natura tecnica e\/o operativa si renda necessario avvalersi di soggetti ubicati al di fuori dell\u2019Unione Europea, informiamo fin d\u2019ora che tali soggetti saranno nominati Responsabili del Trattamento ai sensi e per gli effetti dell\u2019art. 28 del Regolamento o Contitolari del trattamento ai sensi dell\u2019art. 26 del Regolamento&nbsp; ed il trasferimento dei Dati Personali a tali soggetti, limitatamente allo svolgimento di specifiche attivit\u00e0 di Trattamento, sar\u00e0 regolato in conformit\u00e0 a quanto previsto dal Titolo V del Regolamento. Saranno quindi adottate tutte le cautele necessarie al fine di garantire la pi\u00f9 totale protezione dei Dati Personali dell\u2019Interessato.<\/p>\n\n\n\n<ol class=\"wp-block-list\" start=\"7\"><li><strong>MODALIT\u00c0 DI TRATTAMENTO E PERIODO DI CONSERVAZIONE DEI DATI<\/strong><\/li><\/ol>\n\n\n\n<p>I dati raccolti saranno trattati mediante strumenti elettronici, informatici e telematici, o mediante elaborazioni manuali con logiche strettamente correlate alle finalit\u00e0 per le quali i Dati Personali sono stati raccolti e, comunque, in modo da garantire in ogni caso la sicurezza dei medesimi.<\/p>\n\n\n\n<p>I Dati Personali saranno trattati per il periodo necessario al raggiungimento delle finalit\u00e0 contrattuali legate al ciclo di vita del prodotto (ad. es. Garanzia prodotto) fatto salvo un ulteriore periodo di conservazione imposto da specifiche norme di legge.<\/p>\n\n\n\n<p>Qualora Lei abbia espresso il proprio consenso al trattamento di dati per finalit\u00e0 di marketing o finalit\u00e0 diverse che richiedano il rilascio del consenso esplicito, si ricorda che avr\u00e0 il diritto di revocare il consenso in qualsiasi momento senza pregiudicare la liceit\u00e0 del trattamento prima della revoca stessa.<\/p>\n\n\n\n<ol class=\"wp-block-list\" start=\"8\"><li><strong>PROFILAZIONE<\/strong><\/li><\/ol>\n\n\n\n<p>Il titolare non utilizza processi automatizzati finalizzati alla profilazione.<\/p>\n\n\n\n<ol class=\"wp-block-list\" start=\"9\"><li><strong>COOKIE E TECNOLOGIE SIMILI<\/strong><\/li><\/ol>\n\n\n\n<p>Navigando il sito, vengono raccolte informazioni tecniche relative all\u2019hardware e al software utilizzati dai visitatori. Tali informazioni non forniscono dati personali dall\u2019interessato, ma solo dati di carattere tecnico\/informatico che sono utilizzati in maniera aggregata ed anonima al solo scopo di migliorare la qualit\u00e0 del servizio e fornire statistiche concernenti l\u2019uso del Sito. Per maggiori informazioni consultare&nbsp;<a href=\"https:\/\/www.parodinutra.com\/cookie-policy\/\">la sezione dedicata ai cookie<\/a>.<\/p>\n\n\n\n<ol class=\"wp-block-list\" start=\"10\"><li><strong>LINK AD ALTRI SITI WEB E SOCIAL MEDIA<\/strong><\/li><\/ol>\n\n\n\n<p>La nostra Piattaforma potrebbe, di volta in volta, contenere link esterni dei nostri inserzionisti e affiliati partner. Se l\u2019utente segue un link a uno qualsiasi di questi siti web, deve ricordare che questi siti web hanno le proprie pratiche in merito alla privacy e che non accettiamo alcuna responsabilit\u00e0 per tali politiche. Consultare queste politiche prima di inviare Dati Personali a questi siti web.<\/p>\n\n\n\n<ol class=\"wp-block-list\" start=\"11\"><li><strong>DIRITTI DELL\u2019INTERESSATO SUL TRATTAMENTO DEI DATI<\/strong><\/li><\/ol>\n\n\n\n<p>In ogni momento, l\u2019interessato pu\u00f2 esercitare, in relazione al trattamento dei dati descritto, i diritti previsti dalla normativa applicabile in materia di protezione dei dati personali, ivi incluso il diritto di:<\/p>\n\n\n\n<ol class=\"wp-block-list\"><li>ricevere conferma dell\u2019esistenza dei propri dati personali e accedere al loro contenuto (<strong>diritti di accesso<\/strong>);<\/li><li>aggiornare, modificare e\/ o correggere i propri dati personali (<strong>diritto di rettifica<\/strong>);<\/li><li>chiederne la cancellazione o la limitazione del trattamento dei dati trattati in violazione di legge compresi quelli di cui non \u00e8 necessaria la conservazione in relazione agli scopi per i quali i dati sono stati raccolti o altrimenti trattati (<strong>diritto all\u2019oblio e diritto alla limitazione<\/strong>);<\/li><li>opporsi al trattamento fondato sul legittimo interesse (<strong>diritto di opposizione<\/strong>);<\/li><li>revocare il consenso, senza pregiudizio per la liceit\u00e0 del trattamento basata sul consenso prestato prima della revoca;<\/li><li>proporre reclamo all\u2019Autorit\u00e0 di controllo in caso di violazione della disciplina in materia di protezione dei dati personali;<\/li><li>ricevere copia dei dati in formato elettronico che lo riguardano e chiedere che tali dati siano trasmessi ad un altro titolare del trattamento (<strong>diritto alla portabilit\u00e0 dei dati<\/strong>).<\/li><\/ol>\n\n\n\n<p>Per esercitare tali diritti lei pu\u00f2 rivolgersi in qualsiasi momento al Titolare, inviando la richiesta al seguente indirizzo emai:&nbsp;<a href=\"mailto:office@parodinutra.com\" target=\"_blank\" rel=\"noreferrer noopener\">office@parodinutra.com<\/a>&nbsp;o mediante raccomandata a\/ r al seguente indirizzo: Via Valverde 146 (Strada Provinciale 6) \u2013 16014 Campomorone (GE), Italia, P.IVA. 01414580991.&nbsp;<\/p>\n\n\n\n<ol class=\"wp-block-list\" start=\"12\"><li><strong>MODIFICHE ALL\u2019INFORMATIVA SULLA PRIVACY<\/strong><\/li><\/ol>\n\n\n\n<p>Qualsiasi modifica apportata alla nostra Informativa sulla privacy in futuro verr\u00e0 pubblicata in questa pagina. Se appropriato, informeremo gli utenti o chiederemo loro di fornire il consenso. Consultare spesso questa pagina per eventuali aggiornamenti o modifiche alla nostra Informativa sulla privacy.<\/p>\n","protected":false},"excerpt":{"rendered":"<p>INFORMATIVA SULLA PRIVACY Informativa Privacy ai sensi dell\u2019art. 13 del \u201cRegolamento Generale sulla protezione dei dati\u201d (UE) n. 679\/2016 e D.lgs. 101\/2018 La Societ\u00e0 Parodi Nutra&nbsp; (di seguito, per brevit\u00e0, \u201cSociet\u00e0\u201d o \u201cil Titolare\u201d), in qualit\u00e0 di titolare del trattamento desidera informarLa, ai sensi della normativa applicabile in materia di protezione dei dati personali, ivi<\/p>\n","protected":false},"author":1,"featured_media":0,"parent":0,"menu_order":0,"comment_status":"closed","ping_status":"open","template":"","meta":{"om_disable_all_campaigns":false,"_monsterinsights_skip_tracking":false,"_monsterinsights_sitenote_active":false,"_monsterinsights_sitenote_note":"","_monsterinsights_sitenote_category":0,"footnotes":""},"class_list":["post-3","page","type-page","status-publish","hentry"],"aioseo_notices":[],"_links":{"self":[{"href":"https:\/\/www.parodinutra.com\/index.php?rest_route=\/wp\/v2\/pages\/3","targetHints":{"allow":["GET"]}}],"collection":[{"href":"https:\/\/www.parodinutra.com\/index.php?rest_route=\/wp\/v2\/pages"}],"about":[{"href":"https:\/\/www.parodinutra.com\/index.php?rest_route=\/wp\/v2\/types\/page"}],"author":[{"embeddable":true,"href":"https:\/\/www.parodinutra.com\/index.php?rest_route=\/wp\/v2\/users\/1"}],"replies":[{"embeddable":true,"href":"https:\/\/www.parodinutra.com\/index.php?rest_route=%2Fwp%2Fv2%2Fcomments&post=3"}],"version-history":[{"count":1,"href":"https:\/\/www.parodinutra.com\/index.php?rest_route=\/wp\/v2\/pages\/3\/revisions"}],"predecessor-version":[{"id":15,"href":"https:\/\/www.parodinutra.com\/index.php?rest_route=\/wp\/v2\/pages\/3\/revisions\/15"}],"wp:attachment":[{"href":"https:\/\/www.parodinutra.com\/index.php?rest_route=%2Fwp%2Fv2%2Fmedia&parent=3"}],"curies":[{"name":"wp","href":"https:\/\/api.w.org\/{rel}","templated":true}]}}